{"id":378,"date":"2023-07-18T11:59:59","date_gmt":"2023-07-18T11:59:59","guid":{"rendered":"https:\/\/grazia.fiorilla.mi.it\/?page_id=378"},"modified":"2025-07-25T15:03:28","modified_gmt":"2025-07-25T15:03:28","slug":"aula-biblioteca-insegnante-grazia-maria-armeli","status":"publish","type":"page","link":"https:\/\/grazia.fiorilla.mi.it\/?page_id=378","title":{"rendered":"&#8220;Aula Biblioteca Insegnante Grazia Maria Armeli&#8221;"},"content":{"rendered":"\n<p>La Scuola Elementare Giovanni XXIII \u00e8 stata la scuola dove Grazia ha insegnato per oltre 25 anni, fino al pensionamento nel 2009.<\/p>\n\n\n\n<p>Il giorno 22 giugno 2022 l\u2019Aula Biblioteca dell\u2019Istituto Comprensivo Papa Giovanni XXIII \u00e8 stata a lei intitolata. La cerimonia \u00e8 stata presieduta dall&#8217;Assessore alla Cultura Alessandra Cerutti che ha tenuto il seguente discorso:<\/p>\n\n\n\n<p>&#8220;GRAZIA = LA MAESTRA<\/p>\n\n\n\n<p>L&#8217;impatto era di persona austera, severa, molto professionale, che incuteva un certo &#8220;timore&#8221; (di severit\u00e0 autorevole)<br>In realt\u00e0 conoscendola meglio, si dimostrava disponibile e prodiga di consigli. <br>Infatti si \u00e8 contraddistinta per essere:<br>&#8211; riferimento per le colleghe<br>&#8211; guida sicura per gli alunni<br>&#8211; consigliera per i genitori<br>&#8211; pugno di ferro in guanto di velluto.<br>Al di fuori della scuola era accogliente e comprensiva:<br>&#8211; lunghe chiacchiere in giardino<br>&#8211; dispensatrice di biscotti per i nostri cagnolini<br>&#8211; in alcune circostanze di conforto e aiuto nella vita di alcune di noi.<br>Per tutti questi motivi siamo contenti di dedicare la Biblioteca della Scuola Giovanni XXIII alla Maestra Grazia, amante della lettura e dei libri.<br>In epoca di computer, ebook, tablet, l&#8217;esperienza della lettura di un buon libro non dovrebbe mancare ai nostri alunni.&#8221;<\/p>\n\n\n\n<p>Seguono alcune foto della Cerimonia.<\/p>\n\n\n\n<div class=\"wp-block-jetpack-slideshow aligncenter\" data-effect=\"slide\"><div class=\"wp-block-jetpack-slideshow_container swiper-container\"><ul class=\"wp-block-jetpack-slideshow_swiper-wrapper swiper-wrapper\"><li class=\"wp-block-jetpack-slideshow_slide swiper-slide\"><figure><img loading=\"lazy\" decoding=\"async\" width=\"1024\" height=\"743\" alt=\"\" class=\"wp-block-jetpack-slideshow_image wp-image-421\" data-id=\"421\" src=\"https:\/\/grazia.fiorilla.mi.it\/wp-content\/uploads\/2023\/09\/e42fb57a-e10a-4c11-a52a-7c21a480a7d4-1-1024x743.jpg\" srcset=\"https:\/\/grazia.fiorilla.mi.it\/wp-content\/uploads\/2023\/09\/e42fb57a-e10a-4c11-a52a-7c21a480a7d4-1-1024x743.jpg 1024w, https:\/\/grazia.fiorilla.mi.it\/wp-content\/uploads\/2023\/09\/e42fb57a-e10a-4c11-a52a-7c21a480a7d4-1-300x218.jpg 300w, https:\/\/grazia.fiorilla.mi.it\/wp-content\/uploads\/2023\/09\/e42fb57a-e10a-4c11-a52a-7c21a480a7d4-1-768x557.jpg 768w, https:\/\/grazia.fiorilla.mi.it\/wp-content\/uploads\/2023\/09\/e42fb57a-e10a-4c11-a52a-7c21a480a7d4-1.jpg 1346w\" sizes=\"auto, (max-width: 1024px) 100vw, 1024px\" \/><figcaption class=\"wp-block-jetpack-slideshow_caption gallery-caption\">Targa affissa nell&#8217;Aula Biblioteca<\/figcaption><\/figure><\/li><li class=\"wp-block-jetpack-slideshow_slide swiper-slide\"><figure><img loading=\"lazy\" decoding=\"async\" width=\"786\" height=\"1024\" alt=\"\" class=\"wp-block-jetpack-slideshow_image wp-image-422\" data-id=\"422\" src=\"https:\/\/grazia.fiorilla.mi.it\/wp-content\/uploads\/2023\/09\/35eb006e-db7f-4f1f-a075-62703738673a-1-786x1024.jpg\" srcset=\"https:\/\/grazia.fiorilla.mi.it\/wp-content\/uploads\/2023\/09\/35eb006e-db7f-4f1f-a075-62703738673a-1-786x1024.jpg 786w, https:\/\/grazia.fiorilla.mi.it\/wp-content\/uploads\/2023\/09\/35eb006e-db7f-4f1f-a075-62703738673a-1-230x300.jpg 230w, https:\/\/grazia.fiorilla.mi.it\/wp-content\/uploads\/2023\/09\/35eb006e-db7f-4f1f-a075-62703738673a-1-768x1001.jpg 768w, https:\/\/grazia.fiorilla.mi.it\/wp-content\/uploads\/2023\/09\/35eb006e-db7f-4f1f-a075-62703738673a-1.jpg 1042w\" sizes=\"auto, (max-width: 786px) 100vw, 786px\" \/><figcaption class=\"wp-block-jetpack-slideshow_caption gallery-caption\">Quadro affisso accanto alla targa con ilsuo paese natale, San Salvatore di Fitalia (ME)<\/figcaption><\/figure><\/li><li class=\"wp-block-jetpack-slideshow_slide swiper-slide\"><figure><img loading=\"lazy\" decoding=\"async\" width=\"1024\" height=\"846\" alt=\"\" class=\"wp-block-jetpack-slideshow_image wp-image-442\" data-id=\"442\" src=\"https:\/\/grazia.fiorilla.mi.it\/wp-content\/uploads\/2023\/09\/d504b03c-05b3-4663-a9fb-45d5102748e1-1-1024x846.jpg\" srcset=\"https:\/\/grazia.fiorilla.mi.it\/wp-content\/uploads\/2023\/09\/d504b03c-05b3-4663-a9fb-45d5102748e1-1-1024x846.jpg 1024w, https:\/\/grazia.fiorilla.mi.it\/wp-content\/uploads\/2023\/09\/d504b03c-05b3-4663-a9fb-45d5102748e1-1-300x248.jpg 300w, https:\/\/grazia.fiorilla.mi.it\/wp-content\/uploads\/2023\/09\/d504b03c-05b3-4663-a9fb-45d5102748e1-1-768x635.jpg 768w, https:\/\/grazia.fiorilla.mi.it\/wp-content\/uploads\/2023\/09\/d504b03c-05b3-4663-a9fb-45d5102748e1-1-1536x1270.jpg 1536w, https:\/\/grazia.fiorilla.mi.it\/wp-content\/uploads\/2023\/09\/d504b03c-05b3-4663-a9fb-45d5102748e1-1.jpg 1747w\" sizes=\"auto, (max-width: 1024px) 100vw, 1024px\" \/><figcaption class=\"wp-block-jetpack-slideshow_caption gallery-caption\">Segnalibri e semi di Non ti scordar di me, donati in ricordo della cerimonia<\/figcaption><\/figure><\/li><li class=\"wp-block-jetpack-slideshow_slide swiper-slide\"><figure><img loading=\"lazy\" decoding=\"async\" width=\"413\" height=\"619\" alt=\"\" class=\"wp-block-jetpack-slideshow_image wp-image-445\" data-id=\"445\" src=\"https:\/\/grazia.fiorilla.mi.it\/wp-content\/uploads\/2023\/09\/20220622_102916.jpg\" srcset=\"https:\/\/grazia.fiorilla.mi.it\/wp-content\/uploads\/2023\/09\/20220622_102916.jpg 413w, https:\/\/grazia.fiorilla.mi.it\/wp-content\/uploads\/2023\/09\/20220622_102916-200x300.jpg 200w\" sizes=\"auto, (max-width: 413px) 100vw, 413px\" \/><figcaption class=\"wp-block-jetpack-slideshow_caption gallery-caption\">La collega storica Loredana Vaval\u00e0 mentre legge la lettera di Gabriella Guglielmi<\/figcaption><\/figure><\/li><li class=\"wp-block-jetpack-slideshow_slide swiper-slide\"><figure><img loading=\"lazy\" decoding=\"async\" width=\"1024\" height=\"768\" alt=\"\" class=\"wp-block-jetpack-slideshow_image wp-image-456\" data-id=\"456\" src=\"https:\/\/grazia.fiorilla.mi.it\/wp-content\/uploads\/2023\/09\/cf332d90-d0a6-4c02-81bd-8ff4f7858ed6-1024x768.jpg\" srcset=\"https:\/\/grazia.fiorilla.mi.it\/wp-content\/uploads\/2023\/09\/cf332d90-d0a6-4c02-81bd-8ff4f7858ed6-1024x768.jpg 1024w, https:\/\/grazia.fiorilla.mi.it\/wp-content\/uploads\/2023\/09\/cf332d90-d0a6-4c02-81bd-8ff4f7858ed6-300x225.jpg 300w, https:\/\/grazia.fiorilla.mi.it\/wp-content\/uploads\/2023\/09\/cf332d90-d0a6-4c02-81bd-8ff4f7858ed6-768x576.jpg 768w, https:\/\/grazia.fiorilla.mi.it\/wp-content\/uploads\/2023\/09\/cf332d90-d0a6-4c02-81bd-8ff4f7858ed6-1536x1152.jpg 1536w, https:\/\/grazia.fiorilla.mi.it\/wp-content\/uploads\/2023\/09\/cf332d90-d0a6-4c02-81bd-8ff4f7858ed6-600x450.jpg 600w, https:\/\/grazia.fiorilla.mi.it\/wp-content\/uploads\/2023\/09\/cf332d90-d0a6-4c02-81bd-8ff4f7858ed6.jpg 2000w\" sizes=\"auto, (max-width: 1024px) 100vw, 1024px\" \/><figcaption class=\"wp-block-jetpack-slideshow_caption gallery-caption\">Un momento della Cerimonia Commemorativa<\/figcaption><\/figure><\/li><li class=\"wp-block-jetpack-slideshow_slide swiper-slide\"><figure><img loading=\"lazy\" decoding=\"async\" width=\"586\" height=\"583\" alt=\"\" class=\"wp-block-jetpack-slideshow_image wp-image-640\" data-id=\"640\" src=\"https:\/\/grazia.fiorilla.mi.it\/wp-content\/uploads\/2024\/02\/Screenshot_20240204_102929_Instagram.jpg\" srcset=\"https:\/\/grazia.fiorilla.mi.it\/wp-content\/uploads\/2024\/02\/Screenshot_20240204_102929_Instagram.jpg 586w, https:\/\/grazia.fiorilla.mi.it\/wp-content\/uploads\/2024\/02\/Screenshot_20240204_102929_Instagram-300x298.jpg 300w, https:\/\/grazia.fiorilla.mi.it\/wp-content\/uploads\/2024\/02\/Screenshot_20240204_102929_Instagram-150x150.jpg 150w\" sizes=\"auto, (max-width: 586px) 100vw, 586px\" \/><figcaption class=\"wp-block-jetpack-slideshow_caption gallery-caption\">La vostra semina&#8230;<\/figcaption><\/figure><\/li><li class=\"wp-block-jetpack-slideshow_slide swiper-slide\"><figure><img loading=\"lazy\" decoding=\"async\" width=\"437\" height=\"583\" alt=\"\" class=\"wp-block-jetpack-slideshow_image wp-image-641\" data-id=\"641\" src=\"https:\/\/grazia.fiorilla.mi.it\/wp-content\/uploads\/2024\/02\/IMG-20230418-WA0001.jpg\" srcset=\"https:\/\/grazia.fiorilla.mi.it\/wp-content\/uploads\/2024\/02\/IMG-20230418-WA0001.jpg 437w, https:\/\/grazia.fiorilla.mi.it\/wp-content\/uploads\/2024\/02\/IMG-20230418-WA0001-225x300.jpg 225w\" sizes=\"auto, (max-width: 437px) 100vw, 437px\" \/><figcaption class=\"wp-block-jetpack-slideshow_caption gallery-caption\">La vostra semina&#8230;<\/figcaption><\/figure><\/li><\/ul><a class=\"wp-block-jetpack-slideshow_button-prev swiper-button-prev swiper-button-white\" role=\"button\"><\/a><a class=\"wp-block-jetpack-slideshow_button-next swiper-button-next swiper-button-white\" role=\"button\"><\/a><a aria-label=\"Pause Slideshow\" class=\"wp-block-jetpack-slideshow_button-pause\" role=\"button\"><\/a><div class=\"wp-block-jetpack-slideshow_pagination swiper-pagination swiper-pagination-white\"><\/div><\/div><\/div>\n","protected":false},"excerpt":{"rendered":"<p>La Scuola Elementare Giovanni XXIII \u00e8 stata la scuola dove Grazia ha insegnato per oltre 25 anni, fino al pensionamento nel 2009. Il giorno 22 [&hellip;]<\/p>\n","protected":false},"author":1,"featured_media":0,"parent":0,"menu_order":0,"comment_status":"closed","ping_status":"closed","template":"","meta":{"footnotes":""},"class_list":["post-378","page","type-page","status-publish","hentry"],"jetpack_sharing_enabled":true,"_links":{"self":[{"href":"https:\/\/grazia.fiorilla.mi.it\/index.php?rest_route=\/wp\/v2\/pages\/378","targetHints":{"allow":["GET"]}}],"collection":[{"href":"https:\/\/grazia.fiorilla.mi.it\/index.php?rest_route=\/wp\/v2\/pages"}],"about":[{"href":"https:\/\/grazia.fiorilla.mi.it\/index.php?rest_route=\/wp\/v2\/types\/page"}],"author":[{"embeddable":true,"href":"https:\/\/grazia.fiorilla.mi.it\/index.php?rest_route=\/wp\/v2\/users\/1"}],"replies":[{"embeddable":true,"href":"https:\/\/grazia.fiorilla.mi.it\/index.php?rest_route=%2Fwp%2Fv2%2Fcomments&post=378"}],"version-history":[{"count":14,"href":"https:\/\/grazia.fiorilla.mi.it\/index.php?rest_route=\/wp\/v2\/pages\/378\/revisions"}],"predecessor-version":[{"id":666,"href":"https:\/\/grazia.fiorilla.mi.it\/index.php?rest_route=\/wp\/v2\/pages\/378\/revisions\/666"}],"wp:attachment":[{"href":"https:\/\/grazia.fiorilla.mi.it\/index.php?rest_route=%2Fwp%2Fv2%2Fmedia&parent=378"}],"curies":[{"name":"wp","href":"https:\/\/api.w.org\/{rel}","templated":true}]}}